{"id":22842,"date":"2021-12-28T11:29:44","date_gmt":"2021-12-28T11:29:44","guid":{"rendered":"https:\/\/wordpress-1427971-5568287.cloudwaysapps.com\/nos-services\/"},"modified":"2025-07-17T15:49:23","modified_gmt":"2025-07-17T15:49:23","slug":"nos-services","status":"publish","type":"page","link":"https:\/\/sodeco.ca\/fr\/nos-services\/","title":{"rendered":"Nos services"},"content":{"rendered":"\t\t<div data-elementor-type=\"wp-page\" data-elementor-id=\"22842\" class=\"elementor elementor-22842 elementor-19831\" data-elementor-post-type=\"page\">\n\t\t\t\t\t\t<section class=\"elementor-section elementor-top-section elementor-element elementor-element-6273c117 elementor-section-boxed elementor-section-height-default elementor-section-height-default sc_fly_static\" data-id=\"6273c117\" data-element_type=\"section\" data-e-type=\"section\" data-settings=\"{&quot;background_background&quot;:&quot;classic&quot;}\">\n\t\t\t\t\t\t<div class=\"elementor-container elementor-column-gap-extended\">\n\t\t\t\t\t<div class=\"elementor-column elementor-col-100 elementor-top-column elementor-element elementor-element-25930296 sc_content_align_inherit sc_layouts_column_icons_position_left sc_fly_static\" data-id=\"25930296\" data-element_type=\"column\" data-e-type=\"column\">\n\t\t\t<div class=\"elementor-widget-wrap elementor-element-populated\">\n\t\t\t\t\t\t<div class=\"elementor-element elementor-element-3e9f858d sc_height_huge sc_fly_static elementor-widget elementor-widget-spacer\" data-id=\"3e9f858d\" data-element_type=\"widget\" data-e-type=\"widget\" data-widget_type=\"spacer.default\">\n\t\t\t\t<div class=\"elementor-widget-container\">\n\t\t\t\t\t\t\t<div class=\"elementor-spacer\">\n\t\t\t<div class=\"elementor-spacer-inner\"><\/div>\n\t\t<\/div>\n\t\t\t\t\t\t<\/div>\n\t\t\t\t<\/div>\n\t\t\t\t<div class=\"elementor-element elementor-element-57554c51 sc_fly_static elementor-widget elementor-widget-trx_sc_title\" data-id=\"57554c51\" data-element_type=\"widget\" data-e-type=\"widget\" data-widget_type=\"trx_sc_title.default\">\n\t\t\t\t<div class=\"elementor-widget-container\">\n\t\t\t\t\t<div\t\tclass=\"sc_title sc_title_default\" ><span class=\"sc_item_subtitle sc_title_subtitle sc_item_subtitle_above sc_item_title_style_default\">Nos services<\/span><h2 class=\"sc_item_title sc_title_title sc_item_title_style_default trx_addons_inline_1155626052\"\n\t\t\t><span class=\"sc_item_title_text\">Des services complets de construction, de gestion de projet et d'am\u00e9nagement int\u00e9rieur adapt\u00e9s \u00e0 votre vision et \u00e0 vos besoins<\/span><\/h2><\/div>\t\t\t\t<\/div>\n\t\t\t\t<\/div>\n\t\t\t\t<div class=\"elementor-element elementor-element-4f43499b sc_height_huge sc_fly_static elementor-widget elementor-widget-spacer\" data-id=\"4f43499b\" data-element_type=\"widget\" data-e-type=\"widget\" data-widget_type=\"spacer.default\">\n\t\t\t\t<div class=\"elementor-widget-container\">\n\t\t\t\t\t\t\t<div class=\"elementor-spacer\">\n\t\t\t<div class=\"elementor-spacer-inner\"><\/div>\n\t\t<\/div>\n\t\t\t\t\t\t<\/div>\n\t\t\t\t<\/div>\n\t\t\t\t\t<\/div>\n\t\t<\/div>\n\t\t\t\t\t<\/div>\n\t\t<\/section>\n\t\t\t\t<section class=\"elementor-section elementor-top-section elementor-element elementor-element-1b1fa559 elementor-section-boxed elementor-section-height-default elementor-section-height-default sc_fly_static\" data-id=\"1b1fa559\" data-element_type=\"section\" data-e-type=\"section\" data-settings=\"{&quot;background_background&quot;:&quot;classic&quot;}\">\n\t\t\t\t\t\t<div class=\"elementor-container elementor-column-gap-extended\">\n\t\t\t\t\t<div class=\"elementor-column elementor-col-100 elementor-top-column elementor-element elementor-element-26876c75 sc_content_align_inherit sc_layouts_column_icons_position_left sc_fly_static\" data-id=\"26876c75\" data-element_type=\"column\" data-e-type=\"column\">\n\t\t\t<div class=\"elementor-widget-wrap elementor-element-populated\">\n\t\t\t\t\t\t<div class=\"elementor-element elementor-element-5ab8e082 sc_height_huge sc_fly_static elementor-widget elementor-widget-spacer\" data-id=\"5ab8e082\" data-element_type=\"widget\" data-e-type=\"widget\" data-widget_type=\"spacer.default\">\n\t\t\t\t<div class=\"elementor-widget-container\">\n\t\t\t\t\t\t\t<div class=\"elementor-spacer\">\n\t\t\t<div class=\"elementor-spacer-inner\"><\/div>\n\t\t<\/div>\n\t\t\t\t\t\t<\/div>\n\t\t\t\t<\/div>\n\t\t\t\t<div class=\"elementor-element elementor-element-4194323e sc_fly_static elementor-widget elementor-widget-trx_sc_services\" data-id=\"4194323e\" data-element_type=\"widget\" data-e-type=\"widget\" data-widget_type=\"trx_sc_services.default\">\n\t\t\t\t<div class=\"elementor-widget-container\">\n\t\t\t\t\t<div class=\"sc_services sc_services_strange sc_services_featured_top\"><div class=\"sc_services_columns_wrap sc_item_columns sc_item_posts_container sc_item_columns_3 trx_addons_columns_wrap columns_padding_bottom columns_in_single_row\"><div class=\"trx_addons_column-1_3 \"><div data-post-id=\"22896\" class=\"sc_services_item sc_item_container post_container with_content post-22896 cpt_services type-cpt_services status-publish has-post-thumbnail hentry cpt_services_group-nos-services\"><div class=\"post_featured with_thumb hover_link sc_services_item_header post_featured_bg\"><span class=\"post_thumb post_thumb_bg bg_in corbesier_inline_882829500\"><\/span>\t\t\t\t\t\t<div class=\"mask\"><\/div>\n\t\t\t\t\t\t<a class=\"post_link sc_services_item_link\" href=\"https:\/\/sodeco.ca\/fr\/services\/entreprise-generale\/\"><\/a>\t\t\t<a href=\"https:\/\/sodeco.ca\/fr\/services\/entreprise-generale\/\"  aria-hidden=\"true\" class=\"link\"><\/a>\n\t\t\t<\/div>\t<div class=\"sc_services_item_content\">\n        <div class=\"sc_services_item_content_inner\">\n\t\t<a href=\"https:\/\/sodeco.ca\/fr\/services\/entreprise-generale\/\" id=\"sc_services_1064162038_icon-figure-3_1\"\n            class=\"sc_services_item_icon sc_icon_type_icons icon-figure-3\"><\/a>\t\t<h6 class=\"sc_services_item_title\"><a href=\"https:\/\/sodeco.ca\/fr\/services\/entreprise-generale\/\">Entreprise g\u00e9n\u00e9rale<\/a><\/h6>\n\t\t\t\t\t<div class=\"sc_services_item_text\"><p>R\u00e9alisation compl\u00e8te du projet, de la planification \u00e0 la livraison, avec pr\u00e9cision, qualit\u00e9 et responsabilit\u00e9.<\/p>\n<\/div><div class=\"sc_services_item_button sc_item_button\">\n            <a href=\"https:\/\/sodeco.ca\/fr\/services\/entreprise-generale\/\" class=\"sc_services_item_more_link\">\n                <span class=\"link_text\">En savoir plus<\/span><span class=\"link_icon\"><\/span>\n            <\/a>\n            <\/div>\t<\/div>\n    <\/div>\n<\/div>\n<\/div><div class=\"trx_addons_column-1_3 \"><div data-post-id=\"22898\" class=\"sc_services_item sc_item_container post_container with_content post-22898 cpt_services type-cpt_services status-publish has-post-thumbnail hentry cpt_services_group-nos-services\"><div class=\"post_featured with_thumb hover_link sc_services_item_header post_featured_bg\"><span class=\"post_thumb post_thumb_bg bg_in corbesier_inline_1100122722\"><\/span>\t\t\t\t\t\t<div class=\"mask\"><\/div>\n\t\t\t\t\t\t<a class=\"post_link sc_services_item_link\" href=\"https:\/\/sodeco.ca\/fr\/services\/gestion-de-projet\/\"><\/a>\t\t\t<a href=\"https:\/\/sodeco.ca\/fr\/services\/gestion-de-projet\/\"  aria-hidden=\"true\" class=\"link\"><\/a>\n\t\t\t<\/div>\t<div class=\"sc_services_item_content\">\n        <div class=\"sc_services_item_content_inner\">\n\t\t<a href=\"https:\/\/sodeco.ca\/fr\/services\/gestion-de-projet\/\" id=\"sc_services_199708740_icon-figure-3_2\"\n            class=\"sc_services_item_icon sc_icon_type_icons icon-figure-3\"><\/a>\t\t<h6 class=\"sc_services_item_title\"><a href=\"https:\/\/sodeco.ca\/fr\/services\/gestion-de-projet\/\">Gestion de projet<\/a><\/h6>\n\t\t\t\t\t<div class=\"sc_services_item_text\"><p>Une supervision experte garantissant que votre projet respecte les d\u00e9lais, le budget et une bonne coordination.<\/p>\n<\/div><div class=\"sc_services_item_button sc_item_button\">\n            <a href=\"https:\/\/sodeco.ca\/fr\/services\/gestion-de-projet\/\" class=\"sc_services_item_more_link\">\n                <span class=\"link_text\">En savoir plus<\/span><span class=\"link_icon\"><\/span>\n            <\/a>\n            <\/div>\t<\/div>\n    <\/div>\n<\/div>\n<\/div><div class=\"trx_addons_column-1_3 \"><div data-post-id=\"22900\" class=\"sc_services_item sc_item_container post_container with_content post-22900 cpt_services type-cpt_services status-publish has-post-thumbnail hentry cpt_services_group-nos-services\"><div class=\"post_featured with_thumb hover_link sc_services_item_header post_featured_bg\"><span class=\"post_thumb post_thumb_bg bg_in corbesier_inline_92977586\"><\/span>\t\t\t\t\t\t<div class=\"mask\"><\/div>\n\t\t\t\t\t\t<a class=\"post_link sc_services_item_link\" href=\"https:\/\/sodeco.ca\/fr\/services\/design-dinterieur\/\"><\/a>\t\t\t<a href=\"https:\/\/sodeco.ca\/fr\/services\/design-dinterieur\/\"  aria-hidden=\"true\" class=\"link\"><\/a>\n\t\t\t<\/div>\t<div class=\"sc_services_item_content\">\n        <div class=\"sc_services_item_content_inner\">\n\t\t<a href=\"https:\/\/sodeco.ca\/fr\/services\/design-dinterieur\/\" id=\"sc_services_82402862_icon-figure-3_3\"\n            class=\"sc_services_item_icon sc_icon_type_icons icon-figure-3\"><\/a>\t\t<h6 class=\"sc_services_item_title\"><a href=\"https:\/\/sodeco.ca\/fr\/services\/design-dinterieur\/\">Design d&rsquo;int\u00e9rieur<\/a><\/h6>\n\t\t\t\t\t<div class=\"sc_services_item_text\"><p>Des espaces \u00e9l\u00e9gants et fonctionnels con\u00e7us gr\u00e2ce \u00e0 une collaboration pr\u00e9coce et \u00e0 un leadership cr\u00e9atif pratique.<\/p>\n<\/div><div class=\"sc_services_item_button sc_item_button\">\n            <a href=\"https:\/\/sodeco.ca\/fr\/services\/design-dinterieur\/\" class=\"sc_services_item_more_link\">\n                <span class=\"link_text\">En savoir plus<\/span><span class=\"link_icon\"><\/span>\n            <\/a>\n            <\/div>\t<\/div>\n    <\/div>\n<\/div>\n<\/div><\/div><\/div>\t\t\t\t<\/div>\n\t\t\t\t<\/div>\n\t\t\t\t<div class=\"elementor-element elementor-element-22136670 sc_height_huge sc_fly_static elementor-widget elementor-widget-spacer\" data-id=\"22136670\" data-element_type=\"widget\" data-e-type=\"widget\" data-widget_type=\"spacer.default\">\n\t\t\t\t<div class=\"elementor-widget-container\">\n\t\t\t\t\t\t\t<div class=\"elementor-spacer\">\n\t\t\t<div class=\"elementor-spacer-inner\"><\/div>\n\t\t<\/div>\n\t\t\t\t\t\t<\/div>\n\t\t\t\t<\/div>\n\t\t\t\t\t<\/div>\n\t\t<\/div>\n\t\t\t\t\t<\/div>\n\t\t<\/section>\n\t\t\t\t<\/div>\n\t\t","protected":false},"excerpt":{"rendered":"<p>Nos services Des services complets de construction, de gestion de projet et d&rsquo;am\u00e9nagement int\u00e9rieur adapt\u00e9s \u00e0 votre vision et \u00e0 vos besoins General Contracting Complete project execution from planning to&hellip;<\/p>\n","protected":false},"author":1,"featured_media":0,"parent":0,"menu_order":3,"comment_status":"closed","ping_status":"closed","template":"","meta":{"footnotes":""},"class_list":["post-22842","page","type-page","status-publish","hentry"],"_links":{"self":[{"href":"https:\/\/sodeco.ca\/fr\/wp-json\/wp\/v2\/pages\/22842","targetHints":{"allow":["GET"]}}],"collection":[{"href":"https:\/\/sodeco.ca\/fr\/wp-json\/wp\/v2\/pages"}],"about":[{"href":"https:\/\/sodeco.ca\/fr\/wp-json\/wp\/v2\/types\/page"}],"author":[{"embeddable":true,"href":"https:\/\/sodeco.ca\/fr\/wp-json\/wp\/v2\/users\/1"}],"replies":[{"embeddable":true,"href":"https:\/\/sodeco.ca\/fr\/wp-json\/wp\/v2\/comments?post=22842"}],"version-history":[{"count":4,"href":"https:\/\/sodeco.ca\/fr\/wp-json\/wp\/v2\/pages\/22842\/revisions"}],"predecessor-version":[{"id":22901,"href":"https:\/\/sodeco.ca\/fr\/wp-json\/wp\/v2\/pages\/22842\/revisions\/22901"}],"wp:attachment":[{"href":"https:\/\/sodeco.ca\/fr\/wp-json\/wp\/v2\/media?parent=22842"}],"curies":[{"name":"wp","href":"https:\/\/api.w.org\/{rel}","templated":true}]}}